{"id":536,"date":"2020-04-15T11:37:55","date_gmt":"2020-04-15T11:37:55","guid":{"rendered":"https:\/\/brankatovladijac.com\/?page_id=536"},"modified":"2022-10-12T18:22:38","modified_gmt":"2022-10-12T17:22:38","slug":"access-bars","status":"publish","type":"page","link":"https:\/\/brankatovladijac.com\/en\/access-bars\/","title":{"rendered":"Access Bars"},"content":{"rendered":"<div data-elementor-type=\"wp-page\" data-elementor-id=\"536\" class=\"elementor elementor-536\">\n\t\t\t\t\t\t<header class=\"elementor-section elementor-top-section elementor-element elementor-element-d81be74 elementor-section-full_width elementor-section-height-min-height elementor-section-height-default elementor-section-items-middle\" data-id=\"d81be74\" data-element_type=\"section\" data-settings=\"{&quot;background_background&quot;:&quot;classic&quot;}\">\n\t\t\t\t\t\t\t<div class=\"elementor-background-overlay\"><\/div>\n\t\t\t\t\t\t\t<div class=\"elementor-container elementor-column-gap-extended\">\n\t\t\t\t\t<div class=\"elementor-column elementor-col-100 elementor-top-column elementor-element elementor-element-9f7810c\" data-id=\"9f7810c\" data-element_type=\"column\">\n\t\t\t<div class=\"elementor-widget-wrap elementor-element-populated\">\n\t\t\t\t\t\t<div class=\"elementor-element elementor-element-a3bc89c elementor-widget elementor-widget-heading\" data-id=\"a3bc89c\" data-element_type=\"widget\" data-widget_type=\"heading.default\">\n\t\t\t\t<div class=\"elementor-widget-container\">\n\t\t\t\t\t<h1 class=\"elementor-heading-title elementor-size-xxl\">Access bars<\/h1>\t\t\t\t<\/div>\n\t\t\t\t<\/div>\n\t\t\t\t\t<\/div>\n\t\t<\/div>\n\t\t\t\t\t<\/div>\n\t\t<\/header>\n\t\t\t\t<section class=\"elementor-section elementor-top-section elementor-element elementor-element-97ae304 elementor-section-boxed elementor-section-height-default elementor-section-height-default\" data-id=\"97ae304\" data-element_type=\"section\">\n\t\t\t\t\t\t<div class=\"elementor-container elementor-column-gap-default\">\n\t\t\t\t\t<div class=\"elementor-column elementor-col-100 elementor-top-column elementor-element elementor-element-4357839\" data-id=\"4357839\" data-element_type=\"column\">\n\t\t\t<div class=\"elementor-widget-wrap elementor-element-populated\">\n\t\t\t\t\t\t<div class=\"elementor-element elementor-element-242fb03 elementor-widget elementor-widget-spacer\" data-id=\"242fb03\" data-element_type=\"widget\" data-widget_type=\"spacer.default\">\n\t\t\t\t<div class=\"elementor-widget-container\">\n\t\t\t\t\t\t\t<div class=\"elementor-spacer\">\n\t\t\t<div class=\"elementor-spacer-inner\"><\/div>\n\t\t<\/div>\n\t\t\t\t\t\t<\/div>\n\t\t\t\t<\/div>\n\t\t\t\t\t<\/div>\n\t\t<\/div>\n\t\t\t\t\t<\/div>\n\t\t<\/section>\n\t\t\t\t<section class=\"elementor-section elementor-top-section elementor-element elementor-element-d4996b1 elementor-section-boxed elementor-section-height-default elementor-section-height-default\" data-id=\"d4996b1\" data-element_type=\"section\">\n\t\t\t\t\t\t<div class=\"elementor-container elementor-column-gap-default\">\n\t\t\t\t\t<div class=\"elementor-column elementor-col-100 elementor-top-column elementor-element elementor-element-a3090d5\" data-id=\"a3090d5\" data-element_type=\"column\">\n\t\t\t<div class=\"elementor-widget-wrap elementor-element-populated\">\n\t\t\t\t\t\t<section class=\"elementor-section elementor-inner-section elementor-element elementor-element-b409ce9 elementor-section-boxed elementor-section-height-default elementor-section-height-default\" data-id=\"b409ce9\" data-element_type=\"section\">\n\t\t\t\t\t\t<div class=\"elementor-container elementor-column-gap-default\">\n\t\t\t\t\t<div class=\"elementor-column elementor-col-100 elementor-inner-column elementor-element elementor-element-444232e\" data-id=\"444232e\" data-element_type=\"column\">\n\t\t\t<div class=\"elementor-widget-wrap elementor-element-populated\">\n\t\t\t\t\t\t<div class=\"elementor-element elementor-element-49570c7 elementor-widget elementor-widget-heading\" data-id=\"49570c7\" data-element_type=\"widget\" data-widget_type=\"heading.default\">\n\t\t\t\t<div class=\"elementor-widget-container\">\n\t\t\t\t\t<h3 class=\"elementor-heading-title elementor-size-default\">What is Access BARS treatment?<\/h3>\t\t\t\t<\/div>\n\t\t\t\t<\/div>\n\t\t\t\t\t<\/div>\n\t\t<\/div>\n\t\t\t\t\t<\/div>\n\t\t<\/section>\n\t\t\t\t<section class=\"elementor-section elementor-inner-section elementor-element elementor-element-c203415 elementor-section-boxed elementor-section-height-default elementor-section-height-default\" data-id=\"c203415\" data-element_type=\"section\">\n\t\t\t\t\t\t<div class=\"elementor-container elementor-column-gap-default\">\n\t\t\t\t\t<div class=\"elementor-column elementor-col-100 elementor-inner-column elementor-element elementor-element-291cd65\" data-id=\"291cd65\" data-element_type=\"column\">\n\t\t\t<div class=\"elementor-widget-wrap elementor-element-populated\">\n\t\t\t\t\t\t<div class=\"elementor-element elementor-element-264b19d elementor-widget elementor-widget-text-editor\" data-id=\"264b19d\" data-element_type=\"widget\" data-widget_type=\"text-editor.default\">\n\t\t\t\t<div class=\"elementor-widget-container\">\n\t\t\t\t\t\t\t\t\t<p>Do you want to improve every aspect of your life? Feel better and be energized? This will allow you access BARS treatments.<\/p><p><a style=\"font-size: 16px; background-color: #ffffff;\" href=\"https:\/\/www.accessconsciousness.com\/hr\/\" target=\"_blank\" rel=\"noopener\">Access Consciousness<\/a>\u00a0is a set of tools and techniques designed to help you change any aspect of your life that you are not satisfied with. With BARS technique, we release all old and deep beliefs, easier than we can imagine. We are changing a point of view that limits us and inhibits us in life. By changing our point of view, we open ourselves up to new opportunities and places and our life becomes a treasure trove of wonderful choices. When we live in questioning, we let a lot more come to us than we can imagine.<\/p><p>Access BARS is a treatment applicable to all \u2013 there are no contradictions. It is recommended especially for those who are stressed, for managers, students, students, athletes, but also for young children and pregnant women. For anyone who wants a change in any part of their life \u2013 or just want to relax and release anything that puts pressure on them.<\/p>\t\t\t\t\t\t\t\t<\/div>\n\t\t\t\t<\/div>\n\t\t\t\t\t<\/div>\n\t\t<\/div>\n\t\t\t\t\t<\/div>\n\t\t<\/section>\n\t\t\t\t<section class=\"elementor-section elementor-inner-section elementor-element elementor-element-f915092 elementor-section-boxed elementor-section-height-default elementor-section-height-default\" data-id=\"f915092\" data-element_type=\"section\">\n\t\t\t\t\t\t<div class=\"elementor-container elementor-column-gap-default\">\n\t\t\t\t\t<div class=\"elementor-column elementor-col-100 elementor-inner-column elementor-element elementor-element-b2d7070\" data-id=\"b2d7070\" data-element_type=\"column\">\n\t\t\t<div class=\"elementor-widget-wrap elementor-element-populated\">\n\t\t\t\t\t\t<div class=\"elementor-element elementor-element-43cdf3a elementor-widget elementor-widget-image\" data-id=\"43cdf3a\" data-element_type=\"widget\" data-widget_type=\"image.default\">\n\t\t\t\t<div class=\"elementor-widget-container\">\n\t\t\t\t\t\t\t\t\t\t\t\t<figure class=\"wp-caption\">\n\t\t\t\t\t\t\t\t\t\t<img fetchpriority=\"high\" decoding=\"async\" width=\"512\" height=\"341\" src=\"https:\/\/brankatovladijac.com\/wp-content\/uploads\/2020\/04\/unnamed.jpg\" class=\"attachment-medium_large size-medium_large wp-image-697\" alt=\"\" srcset=\"https:\/\/brankatovladijac.com\/wp-content\/uploads\/2020\/04\/unnamed.jpg 512w, https:\/\/brankatovladijac.com\/wp-content\/uploads\/2020\/04\/unnamed-300x200.jpg 300w\" sizes=\"(max-width: 512px) 100vw, 512px\" \/>\t\t\t\t\t\t\t\t\t\t\t<figcaption class=\"widget-image-caption wp-caption-text\"><\/figcaption>\n\t\t\t\t\t\t\t\t\t\t<\/figure>\n\t\t\t\t\t\t\t\t\t<\/div>\n\t\t\t\t<\/div>\n\t\t\t\t\t<\/div>\n\t\t<\/div>\n\t\t\t\t\t<\/div>\n\t\t<\/section>\n\t\t\t\t<section class=\"elementor-section elementor-inner-section elementor-element elementor-element-6ef4c67 elementor-section-boxed elementor-section-height-default elementor-section-height-default\" data-id=\"6ef4c67\" data-element_type=\"section\">\n\t\t\t\t\t\t<div class=\"elementor-container elementor-column-gap-default\">\n\t\t\t\t\t<div class=\"elementor-column elementor-col-100 elementor-inner-column elementor-element elementor-element-a6ad365\" data-id=\"a6ad365\" data-element_type=\"column\">\n\t\t\t<div class=\"elementor-widget-wrap elementor-element-populated\">\n\t\t\t\t\t\t<div class=\"elementor-element elementor-element-48a689e elementor-widget elementor-widget-spacer\" data-id=\"48a689e\" data-element_type=\"widget\" data-widget_type=\"spacer.default\">\n\t\t\t\t<div class=\"elementor-widget-container\">\n\t\t\t\t\t\t\t<div class=\"elementor-spacer\">\n\t\t\t<div class=\"elementor-spacer-inner\"><\/div>\n\t\t<\/div>\n\t\t\t\t\t\t<\/div>\n\t\t\t\t<\/div>\n\t\t\t\t<div class=\"elementor-element elementor-element-4262556 elementor-widget elementor-widget-heading\" data-id=\"4262556\" data-element_type=\"widget\" data-widget_type=\"heading.default\">\n\t\t\t\t<div class=\"elementor-widget-container\">\n\t\t\t\t\t<h3 class=\"elementor-heading-title elementor-size-default\">What do Access Bars treatments bring to us?<\/h3>\t\t\t\t<\/div>\n\t\t\t\t<\/div>\n\t\t\t\t<div class=\"elementor-element elementor-element-cbf6f71 elementor-widget elementor-widget-text-editor\" data-id=\"cbf6f71\" data-element_type=\"widget\" data-widget_type=\"text-editor.default\">\n\t\t\t\t<div class=\"elementor-widget-container\">\n\t\t\t\t\t\t\t\t\t<p>\u00a0<\/p><ul><li><p lang=\"sr-Latn-RS\" style=\"margin-bottom: 0in; line-height: 100%;\">More energy and stronger immune system<\/p><\/li><li><p lang=\"sr-Latn-RS\" style=\"margin-bottom: 0in; line-height: 100%;\">Stress resistance<\/p><\/li><li><p lang=\"sr-Latn-RS\" style=\"margin-bottom: 0in; line-height: 100%;\">Good sleep<\/p><\/li><li><p lang=\"sr-Latn-RS\" style=\"margin-bottom: 0in; line-height: 100%;\">Regulation of body weight<\/p><\/li><li><p lang=\"sr-Latn-RS\" style=\"margin-bottom: 0in; line-height: 100%;\">Good health and vitality<\/p><\/li><li><p lang=\"sr-Latn-RS\" style=\"margin-bottom: 0in; line-height: 100%;\">Concentration<\/p><\/li><li><p lang=\"sr-Latn-RS\" style=\"margin-bottom: 0in; line-height: 100%;\">Achieving better results at work, studying, and sports<\/p><\/li><li><p lang=\"sr-Latn-RS\" style=\"margin-bottom: 0in; line-height: 100%;\">Better communication<\/p><\/li><li><p lang=\"sr-Latn-RS\" style=\"margin-bottom: 0in; line-height: 100%;\">Full presence and attention (especially in hyperactive children)<\/p><\/li><li><p lang=\"sr-Latn-RS\" style=\"margin-bottom: 0in; line-height: 100%;\">A stronger bond with yourself<\/p><\/li><\/ul><p>Access Bars is a technique that removes the blockages accumulated in our bodies. Bars are points on the head where different blockades are stored over the course of their lives. The therapist stimulates the targeting of these points and channels the energy that is practiced with an additional set of \"tools\" for cleaning the blockages, which the client feels as a relief and pleasantness. Treatment is done in contact with the client, lasts 60-70 minutes, a series of treatments need to be done.<\/p><p lang=\"sr-Latn-RS\">\u00a0<\/p>\t\t\t\t\t\t\t\t<\/div>\n\t\t\t\t<\/div>\n\t\t\t\t\t<\/div>\n\t\t<\/div>\n\t\t\t\t\t<\/div>\n\t\t<\/section>\n\t\t\t\t\t<\/div>\n\t\t<\/div>\n\t\t\t\t\t<\/div>\n\t\t<\/section>\n\t\t\t\t<section class=\"elementor-section elementor-top-section elementor-element elementor-element-f0f3b75 elementor-section-boxed elementor-section-height-default elementor-section-height-default\" data-id=\"f0f3b75\" data-element_type=\"section\">\n\t\t\t\t\t\t<div class=\"elementor-container elementor-column-gap-default\">\n\t\t\t\t\t<div class=\"elementor-column elementor-col-100 elementor-top-column elementor-element elementor-element-2022d1e\" data-id=\"2022d1e\" data-element_type=\"column\">\n\t\t\t<div class=\"elementor-widget-wrap elementor-element-populated\">\n\t\t\t\t\t\t<div class=\"elementor-element elementor-element-c1151a2 elementor-widget elementor-widget-spacer\" data-id=\"c1151a2\" data-element_type=\"widget\" data-widget_type=\"spacer.default\">\n\t\t\t\t<div class=\"elementor-widget-container\">\n\t\t\t\t\t\t\t<div class=\"elementor-spacer\">\n\t\t\t<div class=\"elementor-spacer-inner\"><\/div>\n\t\t<\/div>\n\t\t\t\t\t\t<\/div>\n\t\t\t\t<\/div>\n\t\t\t\t\t<\/div>\n\t\t<\/div>\n\t\t\t\t\t<\/div>\n\t\t<\/section>\n\t\t\t\t<\/div>","protected":false},"excerpt":{"rendered":"<p>Access bars \u0160ta je Access Bars tretman? Da li \u017eelite da pobolj\u0161ate svaki segment svog \u017eivota? Da se ose\u0107ate bolje i da budete ispunjeni energijom? To \u0107e Vam omogu\u0107iti Access BARS tretmani. Access Consciousness\u00a0je set alata i tehnika dizajniranih tako da Vam pomognu da promenite bilo koji aspekt u Va\u0161em \u017eivotu sa kojim niste zadovoljni. [&hellip;]<\/p>","protected":false},"author":1,"featured_media":0,"parent":0,"menu_order":0,"comment_status":"closed","ping_status":"closed","template":"","meta":{"om_disable_all_campaigns":false,"_monsterinsights_skip_tracking":false,"_monsterinsights_sitenote_active":false,"_monsterinsights_sitenote_note":"","_monsterinsights_sitenote_category":0,"_uf_show_specific_survey":0,"_uf_disable_surveys":false,"site-sidebar-layout":"no-sidebar","site-content-layout":"page-builder","ast-site-content-layout":"","site-content-style":"default","site-sidebar-style":"default","ast-global-header-display":"","ast-banner-title-visibility":"","ast-main-header-display":"","ast-hfb-above-header-display":"","ast-hfb-below-header-display":"","ast-hfb-mobile-header-display":"","site-post-title":"disabled","ast-breadcrumbs-content":"","ast-featured-img":"disabled","footer-sml-layout":"","theme-transparent-header-meta":"default","adv-header-id-meta":"","stick-header-meta":"","header-above-stick-meta":"","header-main-stick-meta":"","header-below-stick-meta":"","astra-migrate-meta-layouts":"default","ast-page-background-enabled":"default","ast-page-background-meta":{"desktop":{"background-color":"var(--ast-global-color-4)","background-image":"","background-repeat":"repeat","background-position":"center center","background-size":"auto","background-attachment":"scroll","background-type":"","background-media":"","overlay-type":"","overlay-color":"","overlay-opacity":"","overlay-gradient":""},"tablet":{"background-color":"","background-image":"","background-repeat":"repeat","background-position":"center center","background-size":"auto","background-attachment":"scroll","background-type":"","background-media":"","overlay-type":"","overlay-color":"","overlay-opacity":"","overlay-gradient":""},"mobile":{"background-color":"","background-image":"","background-repeat":"repeat","background-position":"center center","background-size":"auto","background-attachment":"scroll","background-type":"","background-media":"","overlay-type":"","overlay-color":"","overlay-opacity":"","overlay-gradient":""}},"ast-content-background-meta":{"desktop":{"background-color":"var(--ast-global-color-5)","background-image":"","background-repeat":"repeat","background-position":"center center","background-size":"auto","background-attachment":"scroll","background-type":"","background-media":"","overlay-type":"","overlay-color":"","overlay-opacity":"","overlay-gradient":""},"tablet":{"background-color":"var(--ast-global-color-5)","background-image":"","background-repeat":"repeat","background-position":"center center","background-size":"auto","background-attachment":"scroll","background-type":"","background-media":"","overlay-type":"","overlay-color":"","overlay-opacity":"","overlay-gradient":""},"mobile":{"background-color":"var(--ast-global-color-5)","background-image":"","background-repeat":"repeat","background-position":"center center","background-size":"auto","background-attachment":"scroll","background-type":"","background-media":"","overlay-type":"","overlay-color":"","overlay-opacity":"","overlay-gradient":""}},"footnotes":""},"class_list":["post-536","page","type-page","status-publish","hentry"],"aioseo_notices":[],"_links":{"self":[{"href":"https:\/\/brankatovladijac.com\/en\/wp-json\/wp\/v2\/pages\/536","targetHints":{"allow":["GET"]}}],"collection":[{"href":"https:\/\/brankatovladijac.com\/en\/wp-json\/wp\/v2\/pages"}],"about":[{"href":"https:\/\/brankatovladijac.com\/en\/wp-json\/wp\/v2\/types\/page"}],"author":[{"embeddable":true,"href":"https:\/\/brankatovladijac.com\/en\/wp-json\/wp\/v2\/users\/1"}],"replies":[{"embeddable":true,"href":"https:\/\/brankatovladijac.com\/en\/wp-json\/wp\/v2\/comments?post=536"}],"version-history":[{"count":38,"href":"https:\/\/brankatovladijac.com\/en\/wp-json\/wp\/v2\/pages\/536\/revisions"}],"predecessor-version":[{"id":1076,"href":"https:\/\/brankatovladijac.com\/en\/wp-json\/wp\/v2\/pages\/536\/revisions\/1076"}],"wp:attachment":[{"href":"https:\/\/brankatovladijac.com\/en\/wp-json\/wp\/v2\/media?parent=536"}],"curies":[{"name":"wp","href":"https:\/\/api.w.org\/{rel}","templated":true}]}}