{"id":547,"date":"2020-04-15T11:50:41","date_gmt":"2020-04-15T11:50:41","guid":{"rendered":"https:\/\/brankatovladijac.com\/?page_id=547"},"modified":"2023-03-22T20:31:01","modified_gmt":"2023-03-22T19:31:01","slug":"energetski-tretman-dlanovima-na-daljinu","status":"publish","type":"page","link":"https:\/\/brankatovladijac.com\/en\/energetski-tretman-dlanovima-na-daljinu\/","title":{"rendered":"Remotely Palm Energy Treatment"},"content":{"rendered":"<div data-elementor-type=\"wp-page\" data-elementor-id=\"547\" class=\"elementor elementor-547\">\n\t\t\t\t\t\t<header class=\"elementor-section elementor-top-section elementor-element elementor-element-5163cd0e elementor-section-full_width elementor-section-height-min-height elementor-section-height-default elementor-section-items-middle\" data-id=\"5163cd0e\" data-element_type=\"section\" data-settings=\"{&quot;background_background&quot;:&quot;classic&quot;}\">\n\t\t\t\t\t\t\t<div class=\"elementor-background-overlay\"><\/div>\n\t\t\t\t\t\t\t<div class=\"elementor-container elementor-column-gap-extended\">\n\t\t\t\t\t<div class=\"elementor-column elementor-col-100 elementor-top-column elementor-element elementor-element-77920bb3\" data-id=\"77920bb3\" data-element_type=\"column\">\n\t\t\t<div class=\"elementor-widget-wrap elementor-element-populated\">\n\t\t\t\t\t\t<div class=\"elementor-element elementor-element-720f522b elementor-invisible elementor-widget elementor-widget-heading\" data-id=\"720f522b\" data-element_type=\"widget\" data-settings=\"{&quot;_animation&quot;:&quot;fadeInDown&quot;}\" data-widget_type=\"heading.default\">\n\t\t\t\t<div class=\"elementor-widget-container\">\n\t\t\t\t\t<h1 class=\"elementor-heading-title elementor-size-xl\">Remotely Palm Energy Treatment<\/h1>\t\t\t\t<\/div>\n\t\t\t\t<\/div>\n\t\t\t\t\t<\/div>\n\t\t<\/div>\n\t\t\t\t\t<\/div>\n\t\t<\/header>\n\t\t\t\t<section class=\"elementor-section elementor-top-section elementor-element elementor-element-0b78103 elementor-section-boxed elementor-section-height-default elementor-section-height-default\" data-id=\"0b78103\" data-element_type=\"section\">\n\t\t\t\t\t\t<div class=\"elementor-container elementor-column-gap-default\">\n\t\t\t\t\t<div class=\"elementor-column elementor-col-100 elementor-top-column elementor-element elementor-element-f001a7d\" data-id=\"f001a7d\" data-element_type=\"column\">\n\t\t\t<div class=\"elementor-widget-wrap elementor-element-populated\">\n\t\t\t\t\t\t<div class=\"elementor-element elementor-element-c3c369a elementor-widget elementor-widget-spacer\" data-id=\"c3c369a\" data-element_type=\"widget\" data-widget_type=\"spacer.default\">\n\t\t\t\t<div class=\"elementor-widget-container\">\n\t\t\t\t\t\t\t<div class=\"elementor-spacer\">\n\t\t\t<div class=\"elementor-spacer-inner\"><\/div>\n\t\t<\/div>\n\t\t\t\t\t\t<\/div>\n\t\t\t\t<\/div>\n\t\t\t\t\t<\/div>\n\t\t<\/div>\n\t\t\t\t\t<\/div>\n\t\t<\/section>\n\t\t\t\t<section class=\"elementor-section elementor-top-section elementor-element elementor-element-1ec33aa7 elementor-section-boxed elementor-section-height-default elementor-section-height-default\" data-id=\"1ec33aa7\" data-element_type=\"section\">\n\t\t\t\t\t\t<div class=\"elementor-container elementor-column-gap-default\">\n\t\t\t\t\t<div class=\"elementor-column elementor-col-66 elementor-top-column elementor-element elementor-element-2233403\" data-id=\"2233403\" data-element_type=\"column\">\n\t\t\t<div class=\"elementor-widget-wrap elementor-element-populated\">\n\t\t\t\t\t\t<div class=\"elementor-element elementor-element-65dd0510 elementor-widget elementor-widget-text-editor\" data-id=\"65dd0510\" data-element_type=\"widget\" data-widget_type=\"text-editor.default\">\n\t\t\t\t<div class=\"elementor-widget-container\">\n\t\t\t\t\t\t\t\t\t<h3>What is remotely palm energy treatment?<\/h3>\n<p lang=\"sr-Latn-RS\">The hand is a unique natural instrument designed for healing. Why is that?<\/p>\n<p lang=\"sr-Latn-RS\">Through the palms pass meridians that flow through life energy, and the fingers are the most active points of these meridians, which are able to receive and transmitte energy. They are energy-connected and therefore the palm has a powerful energy field that acts on other parts of the body and the surrounding world. The palms also contain medium and small chakras through which energy is received and transmitted, and this further affects their energy power.<\/p>\n<div>Three participants participate in the treatment: therapist, energy and client, each in their own way affects<\/div>\n<div class=\"translation-block\">to the result of energy treatment. The therapist contributes primarily by his knowledge, expertise, experience and clear intention that he is present at all times with the client and wants to be at his service as part of the healing process.<\/div>\n<div>&nbsp;<\/div>\n<div>But that is not all, in my opinion he contributes to the process with all his personality, which Lao Tse described nicely:<\/div>\n<div>\"Those who want to know the truth of the universe should cultivate four basic virtues:<\/div>\n<div>1. Respect for everything that is alive<\/div>\n<div>2. Natural honesty<\/div>\n<div>3. Leniency<\/div>\n<div>4. Willingness to support others.\"<\/div>\n<div>&nbsp;<\/div>\n<div class=\"translation-block\">Everything above may apply to other energy treatments, but what is different about this is the specific way of working with energy, its inclusion in the processes that take place in the treatment, the depth of penetration and going to the cause of the problem.<\/div>\n<div>&nbsp;<\/div>\n<p lang=\"sr-Latn-RS\">This treatment is done remotely and lasts about 30 minutes. It is intended to solve specific painful conditions in the body.<\/p>\t\t\t\t\t\t\t\t<\/div>\n\t\t\t\t<\/div>\n\t\t\t\t\t<\/div>\n\t\t<\/div>\n\t\t\t\t<div class=\"elementor-column elementor-col-33 elementor-top-column elementor-element elementor-element-71d206f5\" data-id=\"71d206f5\" data-element_type=\"column\">\n\t\t\t<div class=\"elementor-widget-wrap elementor-element-populated\">\n\t\t\t\t\t\t<div class=\"elementor-element elementor-element-3db78558 elementor-widget elementor-widget-image\" data-id=\"3db78558\" data-element_type=\"widget\" data-widget_type=\"image.default\">\n\t\t\t\t<div class=\"elementor-widget-container\">\n\t\t\t\t\t\t\t\t\t\t\t\t\t\t\t<img fetchpriority=\"high\" decoding=\"async\" width=\"966\" height=\"492\" src=\"https:\/\/brankatovladijac.com\/wp-content\/uploads\/2020\/05\/Energetsko-isceljivanje-rukama.png\" class=\"attachment-full size-full wp-image-842\" alt=\"\" srcset=\"https:\/\/brankatovladijac.com\/wp-content\/uploads\/2020\/05\/Energetsko-isceljivanje-rukama.png 966w, https:\/\/brankatovladijac.com\/wp-content\/uploads\/2020\/05\/Energetsko-isceljivanje-rukama-300x153.png 300w, https:\/\/brankatovladijac.com\/wp-content\/uploads\/2020\/05\/Energetsko-isceljivanje-rukama-768x391.png 768w\" sizes=\"(max-width: 966px) 100vw, 966px\" \/>\t\t\t\t\t\t\t\t\t\t\t\t\t\t\t<\/div>\n\t\t\t\t<\/div>\n\t\t\t\t\t<\/div>\n\t\t<\/div>\n\t\t\t\t\t<\/div>\n\t\t<\/section>\n\t\t\t\t<section class=\"elementor-section elementor-top-section elementor-element elementor-element-386f323 elementor-section-boxed elementor-section-height-default elementor-section-height-default\" data-id=\"386f323\" data-element_type=\"section\">\n\t\t\t\t\t\t<div class=\"elementor-container elementor-column-gap-default\">\n\t\t\t\t\t<div class=\"elementor-column elementor-col-100 elementor-top-column elementor-element elementor-element-e1375e3\" data-id=\"e1375e3\" data-element_type=\"column\">\n\t\t\t<div class=\"elementor-widget-wrap elementor-element-populated\">\n\t\t\t\t\t\t<div class=\"elementor-element elementor-element-191d5f7 elementor-align-left elementor-widget elementor-widget-button\" data-id=\"191d5f7\" data-element_type=\"widget\" data-widget_type=\"button.default\">\n\t\t\t\t<div class=\"elementor-widget-container\">\n\t\t\t\t\t\t\t\t\t<div class=\"elementor-button-wrapper\">\n\t\t\t\t\t<a class=\"elementor-button elementor-button-link elementor-size-md\" href=\"https:\/\/www.fiverr.com\/share\/LlbjeL\">\n\t\t\t\t\t\t<span class=\"elementor-button-content-wrapper\">\n\t\t\t\t\t\t\t\t\t<span class=\"elementor-button-text\">Book your treatment here<\/span>\n\t\t\t\t\t<\/span>\n\t\t\t\t\t<\/a>\n\t\t\t\t<\/div>\n\t\t\t\t\t\t\t\t<\/div>\n\t\t\t\t<\/div>\n\t\t\t\t<div class=\"elementor-element elementor-element-b02594d elementor-widget elementor-widget-spacer\" data-id=\"b02594d\" data-element_type=\"widget\" data-widget_type=\"spacer.default\">\n\t\t\t\t<div class=\"elementor-widget-container\">\n\t\t\t\t\t\t\t<div class=\"elementor-spacer\">\n\t\t\t<div class=\"elementor-spacer-inner\"><\/div>\n\t\t<\/div>\n\t\t\t\t\t\t<\/div>\n\t\t\t\t<\/div>\n\t\t\t\t\t<\/div>\n\t\t<\/div>\n\t\t\t\t\t<\/div>\n\t\t<\/section>\n\t\t\t\t<\/div>","protected":false},"excerpt":{"rendered":"<p>Energetski tretman dlanovima na daljinu \u0160ta je energetski tretman dlanovima na daljinu? Ruka je jedinstven prirodni instrument predvi\u0111en za isceljenje. Za\u0161to je to tako? Kroz dlanove prolaze meridijani kojima proti\u010de \u017eivotna energija, a na pristima se nalaze najaktivnije ta\u010dke tih meridijana, koje su sposobne da primaju i oda\u0161ilju energiju. One su energetski povezane i zato [&hellip;]<\/p>","protected":false},"author":1,"featured_media":0,"parent":0,"menu_order":0,"comment_status":"closed","ping_status":"closed","template":"","meta":{"om_disable_all_campaigns":false,"_monsterinsights_skip_tracking":false,"_monsterinsights_sitenote_active":false,"_monsterinsights_sitenote_note":"","_monsterinsights_sitenote_category":0,"_uf_show_specific_survey":0,"_uf_disable_surveys":false,"site-sidebar-layout":"no-sidebar","site-content-layout":"page-builder","ast-site-content-layout":"","site-content-style":"default","site-sidebar-style":"default","ast-global-header-display":"","ast-banner-title-visibility":"","ast-main-header-display":"","ast-hfb-above-header-display":"","ast-hfb-below-header-display":"","ast-hfb-mobile-header-display":"","site-post-title":"disabled","ast-breadcrumbs-content":"","ast-featured-img":"disabled","footer-sml-layout":"","theme-transparent-header-meta":"default","adv-header-id-meta":"","stick-header-meta":"","header-above-stick-meta":"","header-main-stick-meta":"","header-below-stick-meta":"","astra-migrate-meta-layouts":"default","ast-page-background-enabled":"default","ast-page-background-meta":{"desktop":{"background-color":"var(--ast-global-color-4)","background-image":"","background-repeat":"repeat","background-position":"center center","background-size":"auto","background-attachment":"scroll","background-type":"","background-media":"","overlay-type":"","overlay-color":"","overlay-opacity":"","overlay-gradient":""},"tablet":{"background-color":"","background-image":"","background-repeat":"repeat","background-position":"center center","background-size":"auto","background-attachment":"scroll","background-type":"","background-media":"","overlay-type":"","overlay-color":"","overlay-opacity":"","overlay-gradient":""},"mobile":{"background-color":"","background-image":"","background-repeat":"repeat","background-position":"center center","background-size":"auto","background-attachment":"scroll","background-type":"","background-media":"","overlay-type":"","overlay-color":"","overlay-opacity":"","overlay-gradient":""}},"ast-content-background-meta":{"desktop":{"background-color":"var(--ast-global-color-5)","background-image":"","background-repeat":"repeat","background-position":"center center","background-size":"auto","background-attachment":"scroll","background-type":"","background-media":"","overlay-type":"","overlay-color":"","overlay-opacity":"","overlay-gradient":""},"tablet":{"background-color":"var(--ast-global-color-5)","background-image":"","background-repeat":"repeat","background-position":"center center","background-size":"auto","background-attachment":"scroll","background-type":"","background-media":"","overlay-type":"","overlay-color":"","overlay-opacity":"","overlay-gradient":""},"mobile":{"background-color":"var(--ast-global-color-5)","background-image":"","background-repeat":"repeat","background-position":"center center","background-size":"auto","background-attachment":"scroll","background-type":"","background-media":"","overlay-type":"","overlay-color":"","overlay-opacity":"","overlay-gradient":""}},"footnotes":""},"class_list":["post-547","page","type-page","status-publish","hentry"],"aioseo_notices":[],"_links":{"self":[{"href":"https:\/\/brankatovladijac.com\/en\/wp-json\/wp\/v2\/pages\/547","targetHints":{"allow":["GET"]}}],"collection":[{"href":"https:\/\/brankatovladijac.com\/en\/wp-json\/wp\/v2\/pages"}],"about":[{"href":"https:\/\/brankatovladijac.com\/en\/wp-json\/wp\/v2\/types\/page"}],"author":[{"embeddable":true,"href":"https:\/\/brankatovladijac.com\/en\/wp-json\/wp\/v2\/users\/1"}],"replies":[{"embeddable":true,"href":"https:\/\/brankatovladijac.com\/en\/wp-json\/wp\/v2\/comments?post=547"}],"version-history":[{"count":23,"href":"https:\/\/brankatovladijac.com\/en\/wp-json\/wp\/v2\/pages\/547\/revisions"}],"predecessor-version":[{"id":1084,"href":"https:\/\/brankatovladijac.com\/en\/wp-json\/wp\/v2\/pages\/547\/revisions\/1084"}],"wp:attachment":[{"href":"https:\/\/brankatovladijac.com\/en\/wp-json\/wp\/v2\/media?parent=547"}],"curies":[{"name":"wp","href":"https:\/\/api.w.org\/{rel}","templated":true}]}}